{"id":56,"date":"2022-05-17T20:45:32","date_gmt":"2022-05-17T19:45:32","guid":{"rendered":"https:\/\/www.uzemne-stavebne.sk\/?page_id=56"},"modified":"2022-06-20T21:45:32","modified_gmt":"2022-06-20T20:45:32","slug":"o-nas","status":"publish","type":"page","link":"https:\/\/www.uzemne-stavebne.sk\/","title":{"rendered":"O n\u00e1s"},"content":{"rendered":"\n<p>Chcete stava\u0165, \u010di modernizova\u0165 a nie zab\u00edja\u0165 \u010das konaniami na \u00faradoch? K&nbsp;vybaveniu projektu V\u00e1m sta\u010dia <strong>3 kroky<\/strong>:<\/p>\n\n\n\n<ol class=\"wp-block-list\"><li>kontaktujte n\u00e1s<\/li><li>za\u0161lite podklady projektu<\/li><li>d\u00f4verujte n\u00e1m<\/li><\/ol>\n\n\n\n<p>Vybavovaniu projektov sa zaober\u00e1me u\u017e druh\u00e9 desa\u0165ro\u010die. Radi V\u00e1s zast\u00fapime v r\u00f4znych stup\u0148och spr\u00e1vneho konania. Pon\u00fakame odborn\u00e9 vodohospod\u00e1rske poradenstvo a in\u017einierske \u010dinnosti priamo \u0161it\u00e9 Va\u0161\u00edm potreb\u00e1m.<\/p>\n\n\n\n<figure class=\"wp-block-image size-large\"><img loading=\"lazy\" decoding=\"async\" width=\"1024\" height=\"286\" src=\"https:\/\/www.uzemne-stavebne.sk\/wp-content\/uploads\/2022\/05\/rolespravitkem-scaled-e1652994283942-1024x286.jpg\" alt=\"\" class=\"wp-image-119\" srcset=\"https:\/\/www.uzemne-stavebne.sk\/wp-content\/uploads\/2022\/05\/rolespravitkem-scaled-e1652994283942-1024x286.jpg 1024w, https:\/\/www.uzemne-stavebne.sk\/wp-content\/uploads\/2022\/05\/rolespravitkem-scaled-e1652994283942-300x84.jpg 300w, https:\/\/www.uzemne-stavebne.sk\/wp-content\/uploads\/2022\/05\/rolespravitkem-scaled-e1652994283942-768x215.jpg 768w, https:\/\/www.uzemne-stavebne.sk\/wp-content\/uploads\/2022\/05\/rolespravitkem-scaled-e1652994283942-1536x430.jpg 1536w, https:\/\/www.uzemne-stavebne.sk\/wp-content\/uploads\/2022\/05\/rolespravitkem-scaled-e1652994283942-2048x573.jpg 2048w, https:\/\/www.uzemne-stavebne.sk\/wp-content\/uploads\/2022\/05\/rolespravitkem-scaled-e1652994283942-1200x336.jpg 1200w\" sizes=\"auto, (max-width: 709px) 85vw, (max-width: 909px) 67vw, (max-width: 1362px) 62vw, 840px\" \/><\/figure>\n\n\n\n<div style=\"height:18px\" aria-hidden=\"true\" class=\"wp-block-spacer\"><\/div>\n\n\n\n<hr class=\"wp-block-separator has-text-color has-dark-gray-color has-css-opacity has-dark-gray-background-color has-background is-style-default\"\/>\n\n\n\n<div style=\"height:18px\" aria-hidden=\"true\" class=\"wp-block-spacer\"><\/div>\n\n\n\n<h1 class=\"wp-block-heading\">Na\u0161e slu\u017eby<\/h1>\n\n\n\n<ul class=\"wp-block-list\"><li><a href=\"https:\/\/www.uzemne-stavebne.sk\/?page_id=59(opens in a new tab)#priprava\">PREDPROJEKTOV\u00c1 PR\u00cdPRAVA<\/a><\/li><li><a href=\"https:\/\/www.uzemne-stavebne.sk\/?page_id=59(opens in a new tab)#eia\">POSUDZOVANIE VPLYVOV NA \u017dIVOTN\u00c9 PROSTREDIE (EIA)<\/a><\/li><li><a href=\"https:\/\/www.uzemne-stavebne.sk\/?page_id=59(opens in a new tab)#uzemne\">\u00daZEMN\u00c9 ROZHODNUTIE<\/a><\/li><li><a href=\"https:\/\/www.uzemne-stavebne.sk\/?page_id=59(opens in a new tab)#stavebne\">STAVEBN\u00c9 POVOLENIE<\/a><\/li><li><a href=\"https:\/\/www.uzemne-stavebne.sk\/?page_id=59(opens in a new tab)#kolaudacia\">KOLAUD\u00c1CIA<\/a><\/li><li><a href=\"https:\/\/www.uzemne-stavebne.sk\/?page_id=59(opens in a new tab)#vodohosp\">VODOHOSPOD\u00c1RSKE PORADENSTVO<\/a><\/li><\/ul>\n\n\n\n<div style=\"height:22px\" aria-hidden=\"true\" class=\"wp-block-spacer\"><\/div>\n\n\n\n<div class=\"wp-block-columns is-layout-flex wp-container-core-columns-is-layout-9d6595d7 wp-block-columns-is-layout-flex\">\n<div class=\"wp-block-column is-layout-flow wp-block-column-is-layout-flow\">\n<div class=\"wp-block-buttons is-layout-flex wp-block-buttons-is-layout-flex\">\n<div class=\"wp-block-button\"><a class=\"wp-block-button__link\" href=\"https:\/\/www.uzemne-stavebne.sk\/?page_id=59\">Viac o slu\u017eb\u00e1ch<\/a><\/div>\n<\/div>\n<\/div>\n\n\n\n<div class=\"wp-block-column is-layout-flow wp-block-column-is-layout-flow\">\n<div class=\"wp-block-buttons is-layout-flex wp-block-buttons-is-layout-flex\">\n<div class=\"wp-block-button\"><a class=\"wp-block-button__link\" href=\"https:\/\/www.uzemne-stavebne.sk\/?page_id=58\">Kontaktujte n\u00e1s<\/a><\/div>\n<\/div>\n<\/div>\n<\/div>\n\n\n\n<div class=\"wp-block-buttons is-layout-flex wp-block-buttons-is-layout-flex\"><\/div>\n\n\n\n<div class=\"wp-block-buttons is-layout-flex wp-block-buttons-is-layout-flex\"><\/div>\n\n\n\n<p><\/p>\n","protected":false},"excerpt":{"rendered":"<p>Chcete stava\u0165, \u010di modernizova\u0165 a nie zab\u00edja\u0165 \u010das konaniami na \u00faradoch? K&nbsp;vybaveniu projektu V\u00e1m sta\u010dia 3 kroky: kontaktujte n\u00e1s za\u0161lite podklady projektu d\u00f4verujte n\u00e1m Vybavovaniu projektov sa zaober\u00e1me u\u017e druh\u00e9 desa\u0165ro\u010die. Radi V\u00e1s zast\u00fapime v r\u00f4znych stup\u0148och spr\u00e1vneho konania. Pon\u00fakame odborn\u00e9 vodohospod\u00e1rske poradenstvo a in\u017einierske \u010dinnosti priamo \u0161it\u00e9 Va\u0161\u00edm potreb\u00e1m. Na\u0161e slu\u017eby PREDPROJEKTOV\u00c1 PR\u00cdPRAVA POSUDZOVANIE &hellip; <a href=\"https:\/\/www.uzemne-stavebne.sk\/\" class=\"more-link\">Continue reading<span class=\"screen-reader-text\"> &#8220;O n\u00e1s&#8221;<\/span><\/a><\/p>\n","protected":false},"author":1,"featured_media":0,"parent":0,"menu_order":0,"comment_status":"closed","ping_status":"closed","template":"","meta":{"footnotes":""},"class_list":["post-56","page","type-page","status-publish","hentry"],"_links":{"self":[{"href":"https:\/\/www.uzemne-stavebne.sk\/index.php?rest_route=\/wp\/v2\/pages\/56","targetHints":{"allow":["GET"]}}],"collection":[{"href":"https:\/\/www.uzemne-stavebne.sk\/index.php?rest_route=\/wp\/v2\/pages"}],"about":[{"href":"https:\/\/www.uzemne-stavebne.sk\/index.php?rest_route=\/wp\/v2\/types\/page"}],"author":[{"embeddable":true,"href":"https:\/\/www.uzemne-stavebne.sk\/index.php?rest_route=\/wp\/v2\/users\/1"}],"replies":[{"embeddable":true,"href":"https:\/\/www.uzemne-stavebne.sk\/index.php?rest_route=%2Fwp%2Fv2%2Fcomments&post=56"}],"version-history":[{"count":30,"href":"https:\/\/www.uzemne-stavebne.sk\/index.php?rest_route=\/wp\/v2\/pages\/56\/revisions"}],"predecessor-version":[{"id":165,"href":"https:\/\/www.uzemne-stavebne.sk\/index.php?rest_route=\/wp\/v2\/pages\/56\/revisions\/165"}],"wp:attachment":[{"href":"https:\/\/www.uzemne-stavebne.sk\/index.php?rest_route=%2Fwp%2Fv2%2Fmedia&parent=56"}],"curies":[{"name":"wp","href":"https:\/\/api.w.org\/{rel}","templated":true}]}}