{"id":58,"date":"2022-06-20T21:45:32","date_gmt":"2022-06-20T20:45:32","guid":{"rendered":"https:\/\/www.uzemne-stavebne.sk\/?page_id=58"},"modified":"2022-06-20T21:45:32","modified_gmt":"2022-06-20T20:45:32","slug":"kontakt","status":"publish","type":"page","link":"https:\/\/www.uzemne-stavebne.sk\/?page_id=58","title":{"rendered":"Kontakt"},"content":{"rendered":"\n<p>Mgr. Michal R\u00e1cik<br>Fra\u0161t\u00e1ck\u00e1 119\/5, 920 01 Hlohovec<br>I\u010cO: 51703335<br>DI\u010c: 1082256219<\/p>\n\n\n\n<p>Registr\u00e1cia: \u010d. \u017eivnostensk\u00e9ho registra 250-41120, osved\u010denie o opr\u00e1vnen\u00ed \u010d. OU-TT-OZP1-2018\/016779-4 v Trnave 27. 4. 2018<\/p>\n\n\n\n<p><strong>Tel.<\/strong>: +421 948 308 268<br><strong>E-mail<\/strong>: racikmichal@gmail.com<\/p>\n","protected":false},"excerpt":{"rendered":"<p>Mgr. Michal R\u00e1cikFra\u0161t\u00e1ck\u00e1 119\/5, 920 01 HlohovecI\u010cO: 51703335DI\u010c: 1082256219 Registr\u00e1cia: \u010d. \u017eivnostensk\u00e9ho registra 250-41120, osved\u010denie o opr\u00e1vnen\u00ed \u010d. OU-TT-OZP1-2018\/016779-4 v Trnave 27. 4. 2018 Tel.: +421 948 308 268E-mail: racikmichal@gmail.com<\/p>\n","protected":false},"author":1,"featured_media":0,"parent":0,"menu_order":0,"comment_status":"closed","ping_status":"closed","template":"","meta":{"footnotes":""},"class_list":["post-58","page","type-page","status-publish","hentry"],"_links":{"self":[{"href":"https:\/\/www.uzemne-stavebne.sk\/index.php?rest_route=\/wp\/v2\/pages\/58","targetHints":{"allow":["GET"]}}],"collection":[{"href":"https:\/\/www.uzemne-stavebne.sk\/index.php?rest_route=\/wp\/v2\/pages"}],"about":[{"href":"https:\/\/www.uzemne-stavebne.sk\/index.php?rest_route=\/wp\/v2\/types\/page"}],"author":[{"embeddable":true,"href":"https:\/\/www.uzemne-stavebne.sk\/index.php?rest_route=\/wp\/v2\/users\/1"}],"replies":[{"embeddable":true,"href":"https:\/\/www.uzemne-stavebne.sk\/index.php?rest_route=%2Fwp%2Fv2%2Fcomments&post=58"}],"version-history":[{"count":3,"href":"https:\/\/www.uzemne-stavebne.sk\/index.php?rest_route=\/wp\/v2\/pages\/58\/revisions"}],"predecessor-version":[{"id":87,"href":"https:\/\/www.uzemne-stavebne.sk\/index.php?rest_route=\/wp\/v2\/pages\/58\/revisions\/87"}],"wp:attachment":[{"href":"https:\/\/www.uzemne-stavebne.sk\/index.php?rest_route=%2Fwp%2Fv2%2Fmedia&parent=58"}],"curies":[{"name":"wp","href":"https:\/\/api.w.org\/{rel}","templated":true}]}}